{"id":22,"date":"2020-06-22T07:15:12","date_gmt":"2020-06-22T07:15:12","guid":{"rendered":"http:\/\/thea-laurine.de\/?page_id=22"},"modified":"2020-06-22T07:15:12","modified_gmt":"2020-06-22T07:15:12","slug":"impressum","status":"publish","type":"page","link":"https:\/\/thea-laurine.de\/?page_id=22","title":{"rendered":"Impressum"},"content":{"rendered":"\n<p><strong>Impressum Angaben gem\u00e4\u00df \u00a7 5 TMG<\/strong><\/p>\n\n\n\n<p>Steffen Scholz (harp(at)thea-laurine.de)<br>Spohla 117<br>02997 Wittichenau<br><\/p>\n\n\n\n<p><strong>Verantwortlich f\u00fcr den Inhalt gem\u00e4\u00df \u00a7 55 Abs. 2 RStV<\/strong><\/p>\n\n\n\n<p>Steffen Scholz (harp(at)thea-laurine.de)<br>Spohla 117<br>02997 Wittichenau<\/p>\n","protected":false},"excerpt":{"rendered":"<p>Impressum Angaben gem\u00e4\u00df \u00a7 5 TMG Steffen Scholz (harp(at)thea-laurine.de)Spohla 11702997 Wittichenau Verantwortlich f\u00fcr den Inhalt gem\u00e4\u00df \u00a7 55 Abs. 2 RStV Steffen Scholz (harp(at)thea-laurine.de)Spohla 11702997 Wittichenau<\/p>\n","protected":false},"author":1,"featured_media":0,"parent":0,"menu_order":0,"comment_status":"closed","ping_status":"closed","template":"","meta":{"sfsi_plus_gutenberg_text_before_share":"","sfsi_plus_gutenberg_show_text_before_share":"","sfsi_plus_gutenberg_icon_type":"","sfsi_plus_gutenberg_icon_alignemt":"","sfsi_plus_gutenburg_max_per_row":""},"_links":{"self":[{"href":"https:\/\/thea-laurine.de\/index.php?rest_route=\/wp\/v2\/pages\/22"}],"collection":[{"href":"https:\/\/thea-laurine.de\/index.php?rest_route=\/wp\/v2\/pages"}],"about":[{"href":"https:\/\/thea-laurine.de\/index.php?rest_route=\/wp\/v2\/types\/page"}],"author":[{"embeddable":true,"href":"https:\/\/thea-laurine.de\/index.php?rest_route=\/wp\/v2\/users\/1"}],"replies":[{"embeddable":true,"href":"https:\/\/thea-laurine.de\/index.php?rest_route=%2Fwp%2Fv2%2Fcomments&post=22"}],"version-history":[{"count":1,"href":"https:\/\/thea-laurine.de\/index.php?rest_route=\/wp\/v2\/pages\/22\/revisions"}],"predecessor-version":[{"id":23,"href":"https:\/\/thea-laurine.de\/index.php?rest_route=\/wp\/v2\/pages\/22\/revisions\/23"}],"wp:attachment":[{"href":"https:\/\/thea-laurine.de\/index.php?rest_route=%2Fwp%2Fv2%2Fmedia&parent=22"}],"curies":[{"name":"wp","href":"https:\/\/api.w.org\/{rel}","templated":true}]}}