{"id":26,"date":"2020-06-22T07:20:29","date_gmt":"2020-06-22T07:20:29","guid":{"rendered":"http:\/\/thea-laurine.de\/?page_id=26"},"modified":"2020-06-22T07:20:30","modified_gmt":"2020-06-22T07:20:30","slug":"haftungsausschluss","status":"publish","type":"page","link":"https:\/\/thea-laurine.de\/?page_id=26","title":{"rendered":"Haftungsausschluss"},"content":{"rendered":"\n<h5>Verweise und Links<\/h5>\n\n\n\n<p>Mein Angebot kann auch Links und Verweise zu Internetangeboten Dritter enthalten. Ich m\u00f6chte Sie darauf hinweisen, dass ich keinen Einfluss auf deren Inhalte habe und demnach auch keine Gew\u00e4hr daf\u00fcr \u00fcbernehmen kann. Allein der Drittanbieter ist f\u00fcr seine Internetseiten verantwortlich. Ich habe jedoch zum Zeitpunkt der Verlinkung bzw. des Verweises die Internetseiten Dritter auf m\u00f6gliche offensichtliche Rechtsverst\u00f6\u00dfe gepr\u00fcft und keine solche feststellen k\u00f6nnen. Da eine laufende \u00dcberpr\u00fcfung verlinkter Internetseiten nicht m\u00f6glich und auch nicht zumutbar ist, kann ich lediglich bei konkreten Anhaltspunkten reagieren. Sobald mir ein Rechtsversto\u00df bekannt wird, werde ich derartige Links bzw. Verweise umgehend entfernen.<\/p>\n\n\n\n<h5>Eigene Inhalte<\/h5>\n\n\n\n<p>Ich bin als Diensteanbieter f\u00fcr meine eigenen Inhalte verantwortlich. Ich habe diese mit gr\u00f6\u00dfter Sorgfalt erstellt, kann jedoch f\u00fcr Vollst\u00e4ndigkeit und Aktualit\u00e4t keine Gew\u00e4hr \u00fcbernehmen. Es besteht keine Verpflichtung, \u00fcbermittelte oder gespeicherte fremde Informationen zu \u00fcberwachen oder nach Umst\u00e4nden zu forschen, die auf eine rechtswidrige T\u00e4tigkeit hinweisen. Verpflichtungen zur Entfernung oder Sperrung der Nutzung von Informationen nach den allgemeinen Gesetzen bleiben hiervon unber\u00fchrt. Eine diesbez\u00fcgliche Haftung ist jedoch erst ab dem Zeitpunkt der Kenntnis einer konkreten Rechtsverletzung m\u00f6glich. Bei bekannt werden von entsprechenden Rechtsverletzungen werde ich diese Inhalte umgehend entfernen.<\/p>\n\n\n\n<h5>Unverlangte Zusendung von Werbung<\/h5>\n\n\n\n<p>Die von mir im Rahmen der Impressumspflicht ver\u00f6ffentlichten Daten stellen keine konkludente Zustimmung zur Zusendung bzw. \u00dcbermittlung von Werbema\u00dfnahmen dar. Ich bitte ausdr\u00fccklich von der Zusendung unverlangter Werbung abzusehen und behalte mir bei Zuwiderhandlung eine Rechtsverfolgung vor.<\/p>\n","protected":false},"excerpt":{"rendered":"<p>Verweise und Links Mein Angebot kann auch Links und Verweise zu Internetangeboten Dritter enthalten. Ich m\u00f6chte Sie darauf hinweisen, dass ich keinen Einfluss auf deren Inhalte habe und demnach auch keine Gew\u00e4hr daf\u00fcr \u00fcbernehmen kann. Allein der Drittanbieter ist f\u00fcr seine Internetseiten verantwortlich. Ich habe jedoch zum Zeitpunkt der Verlinkung bzw. des Verweises die Internetseiten &hellip; <\/p>\n","protected":false},"author":1,"featured_media":0,"parent":0,"menu_order":0,"comment_status":"closed","ping_status":"closed","template":"","meta":{"sfsi_plus_gutenberg_text_before_share":"","sfsi_plus_gutenberg_show_text_before_share":"","sfsi_plus_gutenberg_icon_type":"","sfsi_plus_gutenberg_icon_alignemt":"","sfsi_plus_gutenburg_max_per_row":""},"_links":{"self":[{"href":"https:\/\/thea-laurine.de\/index.php?rest_route=\/wp\/v2\/pages\/26"}],"collection":[{"href":"https:\/\/thea-laurine.de\/index.php?rest_route=\/wp\/v2\/pages"}],"about":[{"href":"https:\/\/thea-laurine.de\/index.php?rest_route=\/wp\/v2\/types\/page"}],"author":[{"embeddable":true,"href":"https:\/\/thea-laurine.de\/index.php?rest_route=\/wp\/v2\/users\/1"}],"replies":[{"embeddable":true,"href":"https:\/\/thea-laurine.de\/index.php?rest_route=%2Fwp%2Fv2%2Fcomments&post=26"}],"version-history":[{"count":1,"href":"https:\/\/thea-laurine.de\/index.php?rest_route=\/wp\/v2\/pages\/26\/revisions"}],"predecessor-version":[{"id":27,"href":"https:\/\/thea-laurine.de\/index.php?rest_route=\/wp\/v2\/pages\/26\/revisions\/27"}],"wp:attachment":[{"href":"https:\/\/thea-laurine.de\/index.php?rest_route=%2Fwp%2Fv2%2Fmedia&parent=26"}],"curies":[{"name":"wp","href":"https:\/\/api.w.org\/{rel}","templated":true}]}}