{"id":64,"date":"2020-06-29T08:17:32","date_gmt":"2020-06-29T08:17:32","guid":{"rendered":"http:\/\/thea-laurine.de\/?page_id=64"},"modified":"2020-09-08T06:05:04","modified_gmt":"2020-09-08T06:05:04","slug":"ueber-mich","status":"publish","type":"page","link":"https:\/\/thea-laurine.de\/?page_id=64","title":{"rendered":"\u00fcber mich"},"content":{"rendered":"\n<p>Hi! Ich bin telly und spiele seit 10 Jahren Harfe. In 2016 habe ich mit meiner Familie in Neuseeland gelebt und dort auch eine Harfenlehrerin kennengelernt, mit der ich bis heute w\u00f6chentlich \u00fcber Skype\/ Zoom Unterricht habe. Auf Wochenm\u00e4rkten und in der Innenstadt von Nelson (eine Kleinstadt im Norden der S\u00fcdinsel von Neuseeland) habe ich mit Stra\u00dfenmusik erste Erfahrungen gesammelt.<\/p>\n\n\n\n<p>2019 nahm ich an einem Harfenorchester in Richmond und Nelson (Neuseeland) teil. Weiterhin konnte ich mein K\u00f6nnen bei feierlichen Veranstaltungen (z.B. Abitur-Zeugnis\u00fcbergabe, Weihnachtskonzerte) und auch bei Auftritten in der Kufa Hoyerswerda unter Beweis stellen.<\/p>\n\n\n\n<p>Gerne k\u00f6nnen Sie mich f\u00fcr Veranstaltungen, Geburtstage, Hochzeiten, etc. als musikalische Umrahmung buchen.<\/p>\n\n\n\n<p><a aria-label=\"Kontakt (\u00f6ffnet in neuem Tab)\" href=\"http:\/\/thea-laurine.de\/?page_id=19\" target=\"_blank\" rel=\"noreferrer noopener\">Kontakt<\/a><\/p>\n\n\n\n<p>Presse <br>&#8211; <a rel=\"noreferrer noopener\" href=\"https:\/\/thea-laurine.de\/wp-content\/uploads\/2020\/08\/SZ_20200727.pdf\" target=\"_blank\">S\u00e4chsische Zeitung 27.07.2020<\/a><br>&#8211; <a rel=\"noreferrer noopener\" href=\"https:\/\/thea-laurine.de\/wp-content\/uploads\/2020\/08\/LR_20200727.pdf\" target=\"_blank\">Lausitzer Rundschau 27.07.2020<\/a><br>&#8211; <a href=\"https:\/\/thea-laurine.de\/wp-content\/uploads\/2020\/09\/20200907_074636_b.jpg\" target=\"_blank\" rel=\"noreferrer noopener\">S\u00e4chsische Zeitung 05.09.2020<\/a><\/p>\n","protected":false},"excerpt":{"rendered":"<p>Hi! Ich bin telly und spiele seit 10 Jahren Harfe. In 2016 habe ich mit meiner Familie in Neuseeland gelebt und dort auch eine Harfenlehrerin kennengelernt, mit der ich bis heute w\u00f6chentlich \u00fcber Skype\/ Zoom Unterricht habe. Auf Wochenm\u00e4rkten und in der Innenstadt von Nelson (eine Kleinstadt im Norden der S\u00fcdinsel von Neuseeland) habe ich &hellip; <\/p>\n","protected":false},"author":1,"featured_media":70,"parent":0,"menu_order":0,"comment_status":"closed","ping_status":"closed","template":"","meta":{"sfsi_plus_gutenberg_text_before_share":"","sfsi_plus_gutenberg_show_text_before_share":"","sfsi_plus_gutenberg_icon_type":"","sfsi_plus_gutenberg_icon_alignemt":"","sfsi_plus_gutenburg_max_per_row":""},"_links":{"self":[{"href":"https:\/\/thea-laurine.de\/index.php?rest_route=\/wp\/v2\/pages\/64"}],"collection":[{"href":"https:\/\/thea-laurine.de\/index.php?rest_route=\/wp\/v2\/pages"}],"about":[{"href":"https:\/\/thea-laurine.de\/index.php?rest_route=\/wp\/v2\/types\/page"}],"author":[{"embeddable":true,"href":"https:\/\/thea-laurine.de\/index.php?rest_route=\/wp\/v2\/users\/1"}],"replies":[{"embeddable":true,"href":"https:\/\/thea-laurine.de\/index.php?rest_route=%2Fwp%2Fv2%2Fcomments&post=64"}],"version-history":[{"count":15,"href":"https:\/\/thea-laurine.de\/index.php?rest_route=\/wp\/v2\/pages\/64\/revisions"}],"predecessor-version":[{"id":145,"href":"https:\/\/thea-laurine.de\/index.php?rest_route=\/wp\/v2\/pages\/64\/revisions\/145"}],"wp:featuredmedia":[{"embeddable":true,"href":"https:\/\/thea-laurine.de\/index.php?rest_route=\/wp\/v2\/media\/70"}],"wp:attachment":[{"href":"https:\/\/thea-laurine.de\/index.php?rest_route=%2Fwp%2Fv2%2Fmedia&parent=64"}],"curies":[{"name":"wp","href":"https:\/\/api.w.org\/{rel}","templated":true}]}}